{"id":8054,"date":"2022-02-08T01:29:47","date_gmt":"2022-02-08T01:29:47","guid":{"rendered":"https:\/\/akrammakina.com\/?page_id=8054"},"modified":"2022-02-09T09:23:54","modified_gmt":"2022-02-09T09:23:54","slug":"satis-noktalarimiz","status":"publish","type":"page","link":"https:\/\/akrammakina.com\/?page_id=8054","title":{"rendered":"Sat\u0131\u015f Noktalar\u0131m\u0131z"},"content":{"rendered":"<p>[vc_row full_width=&#8221;stretch_row&#8221; full_height=&#8221;yes&#8221; css=&#8221;.vc_custom_1644398632062{margin-bottom: -2vh !important;background: #000000 url(https:\/\/akrammakina.com\/wp-content\/uploads\/2022\/02\/saka-bg.png?id=7639) !important;background-position: center !important;background-repeat: no-repeat !important;background-size: contain !important;}&#8221; mobile_bg_img_hidden=&#8221;no&#8221; tablet_bg_img_hidden=&#8221;no&#8221; woodmart_parallax=&#8221;0&#8243; woodmart_gradient_switch=&#8221;no&#8221; row_reverse_mobile=&#8221;0&#8243; row_reverse_tablet=&#8221;0&#8243; woodmart_disable_overflow=&#8221;0&#8243; el_class=&#8221;ark&#8221;][vc_column][vc_empty_space woodmart_hide_large=&#8221;0&#8243; woodmart_hide_medium=&#8221;0&#8243; woodmart_hide_small=&#8221;0&#8243; woodmart_hide_extra_small=&#8221;0&#8243;][vc_custom_heading text=&#8221;Yurt \u0130\u00e7i Sat\u0131\u015f Noktalar\u0131m\u0131z&#8221; font_container=&#8221;tag:h1|font_size:25px|text_align:center|color:%23ffffff&#8221; google_fonts=&#8221;font_family:Montserrat%3Aregular%2C700|font_style:400%20regular%3A400%3Anormal&#8221;][vc_gmaps link=&#8221;#E-8_JTNDaWZyYW1lJTIwc3JjJTNEJTIyaHR0cHMlM0ElMkYlMkZ3d3cuZ29vZ2xlLmNvbSUyRm1hcHMlMkZkJTJGdSUyRjUlMkZlbWJlZCUzRm1pZCUzRDFvWW1DbXdKRmtOM3l5VTVkcXZYdXg2NUM4VjFBV21zciUyNmVoYmMlM0QyRTMxMkYlMjIlMjB3aWR0aCUzRCUyMjY0MCUyMiUyMGhlaWdodCUzRCUyMjQ4MCUyMiUzRSUzQyUyRmlmcmFtZSUzRQ==&#8221;][vc_empty_space woodmart_hide_large=&#8221;0&#8243; woodmart_hide_medium=&#8221;0&#8243; woodmart_hide_small=&#8221;0&#8243; woodmart_hide_extra_small=&#8221;0&#8243;][vc_custom_heading text=&#8221;Yurt D\u0131\u015f\u0131 Sat\u0131\u015f Noktalar\u0131m\u0131z&#8221; font_container=&#8221;tag:h1|font_size:25px|text_align:center|color:%23ffffff&#8221; google_fonts=&#8221;font_family:Montserrat%3Aregular%2C700|font_style:400%20regular%3A400%3Anormal&#8221;][vc_gmaps link=&#8221;#E-8_JTNDaWZyYW1lJTIwc3JjJTNEJTIyaHR0cHMlM0ElMkYlMkZ3d3cuZ29vZ2xlLmNvbSUyRm1hcHMlMkZkJTJGdSUyRjUlMkZlbWJlZCUzRm1pZCUzRDFFVWhBMXJZUmJpZUowRUl3aWFXVURaaXVxVTJMMG9mbyUyNmVoYmMlM0QyRTMxMkYlMjIlMjB3aWR0aCUzRCUyMjY0MCUyMiUyMGhlaWdodCUzRCUyMjQ4MCUyMiUzRSUzQyUyRmlmcmFtZSUzRQ==&#8221;][vc_empty_space woodmart_hide_large=&#8221;0&#8243; woodmart_hide_medium=&#8221;0&#8243; woodmart_hide_small=&#8221;0&#8243; woodmart_hide_extra_small=&#8221;0&#8243;][\/vc_column][\/vc_row]<\/p>\n","protected":false},"excerpt":{"rendered":"<p>[vc_row full_width=&#8221;stretch_row&#8221; full_height=&#8221;yes&#8221; css=&#8221;.vc_custom_1644398632062{margin-bottom: -2vh !important;background: #000000 url(https:\/\/akrammakina.com\/wp-content\/uploads\/2022\/02\/saka-bg.png?id=7639) !important;background-position: center !important;background-repeat: no-repeat !important;background-size: contain !important;}&#8221; mobile_bg_img_hidden=&#8221;no&#8221; tablet_bg_img_hidden=&#8221;no&#8221; woodmart_parallax=&#8221;0&#8243; woodmart_gradient_switch=&#8221;no&#8221; row_reverse_mobile=&#8221;0&#8243;<\/p>\n","protected":false},"author":1,"featured_media":0,"parent":0,"menu_order":0,"comment_status":"closed","ping_status":"closed","template":"","meta":{"footnotes":""},"class_list":["post-8054","page","type-page","status-publish","hentry"],"_links":{"self":[{"href":"https:\/\/akrammakina.com\/index.php?rest_route=\/wp\/v2\/pages\/8054","targetHints":{"allow":["GET"]}}],"collection":[{"href":"https:\/\/akrammakina.com\/index.php?rest_route=\/wp\/v2\/pages"}],"about":[{"href":"https:\/\/akrammakina.com\/index.php?rest_route=\/wp\/v2\/types\/page"}],"author":[{"embeddable":true,"href":"https:\/\/akrammakina.com\/index.php?rest_route=\/wp\/v2\/users\/1"}],"replies":[{"embeddable":true,"href":"https:\/\/akrammakina.com\/index.php?rest_route=%2Fwp%2Fv2%2Fcomments&post=8054"}],"version-history":[{"count":13,"href":"https:\/\/akrammakina.com\/index.php?rest_route=\/wp\/v2\/pages\/8054\/revisions"}],"predecessor-version":[{"id":8197,"href":"https:\/\/akrammakina.com\/index.php?rest_route=\/wp\/v2\/pages\/8054\/revisions\/8197"}],"wp:attachment":[{"href":"https:\/\/akrammakina.com\/index.php?rest_route=%2Fwp%2Fv2%2Fmedia&parent=8054"}],"curies":[{"name":"wp","href":"https:\/\/api.w.org\/{rel}","templated":true}]}}